{"id":585,"date":"2023-04-28T08:26:24","date_gmt":"2023-04-28T06:26:24","guid":{"rendered":"https:\/\/wp2.sholzer2022.hla-moedling.schulwebspace.at\/?page_id=585"},"modified":"2023-06-15T00:08:58","modified_gmt":"2023-06-14T22:08:58","slug":"leistung-4","status":"publish","type":"page","link":"https:\/\/wp2.sholzer2022.hla-moedling.schulwebspace.at\/?page_id=585","title":{"rendered":"Leistung 4 &#8211; Planungs- &#038; Baustellen\u00fcbersicht"},"content":{"rendered":"\t\t<div data-elementor-type=\"wp-page\" data-elementor-id=\"585\" class=\"elementor elementor-585\">\n\t\t\t\t\t\t\t\t\t<section class=\"elementor-section elementor-top-section elementor-element elementor-element-126551b elementor-section-boxed elementor-section-height-default elementor-section-height-default\" data-id=\"126551b\" data-element_type=\"section\">\n\t\t\t\t\t\t<div class=\"elementor-container elementor-column-gap-default\">\n\t\t\t\t\t<div class=\"elementor-column elementor-col-100 elementor-top-column elementor-element elementor-element-6132edd\" data-id=\"6132edd\" data-element_type=\"column\">\n\t\t\t<div class=\"elementor-widget-wrap elementor-element-populated\">\n\t\t\t\t\t\t\t\t<div class=\"elementor-element elementor-element-549b1a9 elementor-widget elementor-widget-spacer\" data-id=\"549b1a9\" data-element_type=\"widget\" data-widget_type=\"spacer.default\">\n\t\t\t\t<div class=\"elementor-widget-container\">\n\t\t\t<style>\/*! elementor - v3.11.5 - 14-03-2023 *\/\n.elementor-column .elementor-spacer-inner{height:var(--spacer-size)}.e-con{--container-widget-width:100%}.e-con-inner>.elementor-widget-spacer,.e-con>.elementor-widget-spacer{width:var(--container-widget-width,var(--spacer-size));--align-self:var(--container-widget-align-self,initial);--flex-shrink:0}.e-con-inner>.elementor-widget-spacer>.elementor-widget-container,.e-con-inner>.elementor-widget-spacer>.elementor-widget-container>.elementor-spacer,.e-con>.elementor-widget-spacer>.elementor-widget-container,.e-con>.elementor-widget-spacer>.elementor-widget-container>.elementor-spacer{height:100%}.e-con-inner>.elementor-widget-spacer>.elementor-widget-container>.elementor-spacer>.elementor-spacer-inner,.e-con>.elementor-widget-spacer>.elementor-widget-container>.elementor-spacer>.elementor-spacer-inner{height:var(--container-widget-height,var(--spacer-size))}<\/style>\t\t<div class=\"elementor-spacer\">\n\t\t\t<div class=\"elementor-spacer-inner\"><\/div>\n\t\t<\/div>\n\t\t\t\t<\/div>\n\t\t\t\t<\/div>\n\t\t\t\t\t<\/div>\n\t\t<\/div>\n\t\t\t\t\t\t\t<\/div>\n\t\t<\/section>\n\t\t\t\t<section class=\"elementor-section elementor-top-section elementor-element elementor-element-9c1853d elementor-section-boxed elementor-section-height-default elementor-section-height-default\" data-id=\"9c1853d\" data-element_type=\"section\">\n\t\t\t\t\t\t<div class=\"elementor-container elementor-column-gap-default\">\n\t\t\t\t\t<div class=\"elementor-column elementor-col-100 elementor-top-column elementor-element elementor-element-fe1c8c6\" data-id=\"fe1c8c6\" data-element_type=\"column\">\n\t\t\t<div class=\"elementor-widget-wrap elementor-element-populated\">\n\t\t\t\t\t\t\t\t<div class=\"elementor-element elementor-element-8336a0d elementor-widget elementor-widget-heading\" data-id=\"8336a0d\" data-element_type=\"widget\" data-widget_type=\"heading.default\">\n\t\t\t\t<div class=\"elementor-widget-container\">\n\t\t\t<style>\/*! elementor - v3.11.5 - 14-03-2023 *\/\n.elementor-heading-title{padding:0;margin:0;line-height:1}.elementor-widget-heading .elementor-heading-title[class*=elementor-size-]>a{color:inherit;font-size:inherit;line-height:inherit}.elementor-widget-heading .elementor-heading-title.elementor-size-small{font-size:15px}.elementor-widget-heading .elementor-heading-title.elementor-size-medium{font-size:19px}.elementor-widget-heading .elementor-heading-title.elementor-size-large{font-size:29px}.elementor-widget-heading .elementor-heading-title.elementor-size-xl{font-size:39px}.elementor-widget-heading .elementor-heading-title.elementor-size-xxl{font-size:59px}<\/style><h4 class=\"elementor-heading-title elementor-size-default\">Planungs- & Baustellen\u00fcbersicht<\/h4>\t\t<\/div>\n\t\t\t\t<\/div>\n\t\t\t\t\t<\/div>\n\t\t<\/div>\n\t\t\t\t\t\t\t<\/div>\n\t\t<\/section>\n\t\t\t\t<section class=\"elementor-section elementor-top-section elementor-element elementor-element-ce48be9 elementor-section-boxed elementor-section-height-default elementor-section-height-default\" data-id=\"ce48be9\" data-element_type=\"section\">\n\t\t\t\t\t\t<div class=\"elementor-container elementor-column-gap-default\">\n\t\t\t\t\t<div class=\"elementor-column elementor-col-100 elementor-top-column elementor-element elementor-element-d959bd4\" data-id=\"d959bd4\" data-element_type=\"column\">\n\t\t\t<div class=\"elementor-widget-wrap elementor-element-populated\">\n\t\t\t\t\t\t\t\t<div class=\"elementor-element elementor-element-5352028 elementor-widget elementor-widget-spacer\" data-id=\"5352028\" data-element_type=\"widget\" data-widget_type=\"spacer.default\">\n\t\t\t\t<div class=\"elementor-widget-container\">\n\t\t\t\t\t<div class=\"elementor-spacer\">\n\t\t\t<div class=\"elementor-spacer-inner\"><\/div>\n\t\t<\/div>\n\t\t\t\t<\/div>\n\t\t\t\t<\/div>\n\t\t\t\t\t<\/div>\n\t\t<\/div>\n\t\t\t\t\t\t\t<\/div>\n\t\t<\/section>\n\t\t\t\t<section class=\"elementor-section elementor-top-section elementor-element elementor-element-a53fc1e elementor-section-boxed elementor-section-height-default elementor-section-height-default\" data-id=\"a53fc1e\" data-element_type=\"section\">\n\t\t\t\t\t\t<div class=\"elementor-container elementor-column-gap-default\">\n\t\t\t\t\t<div class=\"elementor-column elementor-col-100 elementor-top-column elementor-element elementor-element-ab1a511\" data-id=\"ab1a511\" data-element_type=\"column\">\n\t\t\t<div class=\"elementor-widget-wrap elementor-element-populated\">\n\t\t\t\t\t\t\t\t<div class=\"elementor-element elementor-element-0277625 elementor-widget elementor-widget-text-editor\" data-id=\"0277625\" data-element_type=\"widget\" data-widget_type=\"text-editor.default\">\n\t\t\t\t<div class=\"elementor-widget-container\">\n\t\t\t<style>\/*! elementor - v3.11.5 - 14-03-2023 *\/\n.elementor-widget-text-editor.elementor-drop-cap-view-stacked .elementor-drop-cap{background-color:#818a91;color:#fff}.elementor-widget-text-editor.elementor-drop-cap-view-framed .elementor-drop-cap{color:#818a91;border:3px solid;background-color:transparent}.elementor-widget-text-editor:not(.elementor-drop-cap-view-default) .elementor-drop-cap{margin-top:8px}.elementor-widget-text-editor:not(.elementor-drop-cap-view-default) .elementor-drop-cap-letter{width:1em;height:1em}.elementor-widget-text-editor .elementor-drop-cap{float:left;text-align:center;line-height:1;font-size:50px}.elementor-widget-text-editor .elementor-drop-cap-letter{display:inline-block}<\/style>\t\t\t\t<p>Seit 1999 ist jeder Bauherr laut Bundesgesetz \u00fcber die Koordination bei Bauarbeiten (Bauarbeitenkoordinationsgesetz \u2013 BauKG) gesetzlich verpflichtet, eine Planungs- und Baustellenkoordination durchzuf\u00fchren. Die Koordination beinhaltet die T\u00e4tigkeiten zum Schutz der Arbeitnehmer, zur Verh\u00fctung von Unf\u00e4llen und berufsbedingten Gef\u00e4hrdungen zwischen den einzelnen Arbeitgebern.<\/p><p>Wir bieten Ihnen die Leistungen zur Planungs- &amp; Baustellenkoordination:<\/p><p><span style=\"text-decoration: underline;\">Planungskoordination:<\/span><\/p><ul><li>Umsetzung der allgemeinen Grunds\u00e4tze der Gefahrenverh\u00fctung gem\u00e4\u00df \u00a7 4 ASchG<\/li><li>Ausarbeitung des Sicherheits- und Gesundheitsschutzplans gem\u00e4\u00df \u00a7 7 BauKG<\/li><\/ul><p>\u00a0<\/p><p><span style=\"text-decoration: underline;\">Baustellenkoordination:<\/span><\/p><ul><li>Regelm\u00e4\u00dfige Begehungen der Baustelle<\/li><li>Umsetzung der f\u00fcr die betreffende Baustelle geltenden Bestimmungen \u00fcber Sicherheit und Gesundheitsschutz bei der Arbeit<\/li><li>Information an den Bauherrn bei Gefahren f\u00fcr die Sicherheit und Gesundheit der Arbeitnehmer<\/li><\/ul>\t\t\t\t\t\t<\/div>\n\t\t\t\t<\/div>\n\t\t\t\t\t<\/div>\n\t\t<\/div>\n\t\t\t\t\t\t\t<\/div>\n\t\t<\/section>\n\t\t\t\t<section class=\"elementor-section elementor-top-section elementor-element elementor-element-12269a7 elementor-section-boxed elementor-section-height-default elementor-section-height-default\" data-id=\"12269a7\" data-element_type=\"section\">\n\t\t\t\t\t\t<div class=\"elementor-container elementor-column-gap-default\">\n\t\t\t\t\t<div class=\"elementor-column elementor-col-100 elementor-top-column elementor-element elementor-element-5636168\" data-id=\"5636168\" data-element_type=\"column\">\n\t\t\t<div class=\"elementor-widget-wrap elementor-element-populated\">\n\t\t\t\t\t\t\t\t<div class=\"elementor-element elementor-element-5003deb elementor-widget elementor-widget-spacer\" data-id=\"5003deb\" data-element_type=\"widget\" data-widget_type=\"spacer.default\">\n\t\t\t\t<div class=\"elementor-widget-container\">\n\t\t\t\t\t<div class=\"elementor-spacer\">\n\t\t\t<div class=\"elementor-spacer-inner\"><\/div>\n\t\t<\/div>\n\t\t\t\t<\/div>\n\t\t\t\t<\/div>\n\t\t\t\t\t<\/div>\n\t\t<\/div>\n\t\t\t\t\t\t\t<\/div>\n\t\t<\/section>\n\t\t\t\t\t\t\t<\/div>\n\t\t","protected":false},"excerpt":{"rendered":"<p>Planungs- &#038; Baustellen\u00fcbersicht Seit 1999 ist jeder Bauherr laut Bundesgesetz \u00fcber die Koordination bei Bauarbeiten (Bauarbeitenkoordinationsgesetz \u2013 BauKG) gesetzlich verpflichtet, eine Planungs- und Baustellenkoordination durchzuf\u00fchren. Die Koordination beinhaltet die T\u00e4tigkeiten zum Schutz der Arbeitnehmer, zur Verh\u00fctung von Unf\u00e4llen und berufsbedingten Gef\u00e4hrdungen zwischen den einzelnen Arbeitgebern. Wir bieten Ihnen die Leistungen zur Planungs- &amp; Baustellenkoordination: Planungskoordination: &hellip;<\/p>\n<p class=\"read-more\"> <a class=\"\" href=\"https:\/\/wp2.sholzer2022.hla-moedling.schulwebspace.at\/?page_id=585\"> <span class=\"screen-reader-text\">Leistung 4 &#8211; Planungs- &#038; Baustellen\u00fcbersicht<\/span> Weiterlesen &raquo;<\/a><\/p>\n","protected":false},"author":1,"featured_media":0,"parent":0,"menu_order":0,"comment_status":"closed","ping_status":"closed","template":"","meta":{"site-sidebar-layout":"no-sidebar","site-content-layout":"page-builder","ast-global-header-display":"","ast-main-header-display":"","ast-hfb-above-header-display":"","ast-hfb-below-header-display":"","ast-hfb-mobile-header-display":"","site-post-title":"disabled","ast-breadcrumbs-content":"","ast-featured-img":"disabled","footer-sml-layout":"","theme-transparent-header-meta":"","adv-header-id-meta":"","stick-header-meta":"","header-above-stick-meta":"","header-main-stick-meta":"","header-below-stick-meta":"","footnotes":""},"class_list":["post-585","page","type-page","status-publish","hentry"],"_links":{"self":[{"href":"https:\/\/wp2.sholzer2022.hla-moedling.schulwebspace.at\/index.php?rest_route=\/wp\/v2\/pages\/585","targetHints":{"allow":["GET"]}}],"collection":[{"href":"https:\/\/wp2.sholzer2022.hla-moedling.schulwebspace.at\/index.php?rest_route=\/wp\/v2\/pages"}],"about":[{"href":"https:\/\/wp2.sholzer2022.hla-moedling.schulwebspace.at\/index.php?rest_route=\/wp\/v2\/types\/page"}],"author":[{"embeddable":true,"href":"https:\/\/wp2.sholzer2022.hla-moedling.schulwebspace.at\/index.php?rest_route=\/wp\/v2\/users\/1"}],"replies":[{"embeddable":true,"href":"https:\/\/wp2.sholzer2022.hla-moedling.schulwebspace.at\/index.php?rest_route=%2Fwp%2Fv2%2Fcomments&post=585"}],"version-history":[{"count":11,"href":"https:\/\/wp2.sholzer2022.hla-moedling.schulwebspace.at\/index.php?rest_route=\/wp\/v2\/pages\/585\/revisions"}],"predecessor-version":[{"id":1976,"href":"https:\/\/wp2.sholzer2022.hla-moedling.schulwebspace.at\/index.php?rest_route=\/wp\/v2\/pages\/585\/revisions\/1976"}],"wp:attachment":[{"href":"https:\/\/wp2.sholzer2022.hla-moedling.schulwebspace.at\/index.php?rest_route=%2Fwp%2Fv2%2Fmedia&parent=585"}],"curies":[{"name":"wp","href":"https:\/\/api.w.org\/{rel}","templated":true}]}}