{"id":562,"date":"2023-04-28T08:18:53","date_gmt":"2023-04-28T06:18:53","guid":{"rendered":"https:\/\/wp2.sholzer2022.hla-moedling.schulwebspace.at\/?page_id=562"},"modified":"2023-06-15T00:12:56","modified_gmt":"2023-06-14T22:12:56","slug":"leistung-6","status":"publish","type":"page","link":"https:\/\/wp2.sholzer2022.hla-moedling.schulwebspace.at\/?page_id=562","title":{"rendered":"Leistung 6 &#8211; Sachverst\u00e4ndigent\u00e4tigkeiten"},"content":{"rendered":"\t\t<div data-elementor-type=\"wp-page\" data-elementor-id=\"562\" class=\"elementor elementor-562\">\n\t\t\t\t\t\t\t\t\t<section class=\"elementor-section elementor-top-section elementor-element elementor-element-b490333 elementor-section-boxed elementor-section-height-default elementor-section-height-default\" data-id=\"b490333\" data-element_type=\"section\">\n\t\t\t\t\t\t<div class=\"elementor-container elementor-column-gap-default\">\n\t\t\t\t\t<div class=\"elementor-column elementor-col-100 elementor-top-column elementor-element elementor-element-d1fbfce\" data-id=\"d1fbfce\" data-element_type=\"column\">\n\t\t\t<div class=\"elementor-widget-wrap elementor-element-populated\">\n\t\t\t\t\t\t\t\t<div class=\"elementor-element elementor-element-3657b31 elementor-widget elementor-widget-spacer\" data-id=\"3657b31\" data-element_type=\"widget\" data-widget_type=\"spacer.default\">\n\t\t\t\t<div class=\"elementor-widget-container\">\n\t\t\t<style>\/*! elementor - v3.11.5 - 14-03-2023 *\/\n.elementor-column .elementor-spacer-inner{height:var(--spacer-size)}.e-con{--container-widget-width:100%}.e-con-inner>.elementor-widget-spacer,.e-con>.elementor-widget-spacer{width:var(--container-widget-width,var(--spacer-size));--align-self:var(--container-widget-align-self,initial);--flex-shrink:0}.e-con-inner>.elementor-widget-spacer>.elementor-widget-container,.e-con-inner>.elementor-widget-spacer>.elementor-widget-container>.elementor-spacer,.e-con>.elementor-widget-spacer>.elementor-widget-container,.e-con>.elementor-widget-spacer>.elementor-widget-container>.elementor-spacer{height:100%}.e-con-inner>.elementor-widget-spacer>.elementor-widget-container>.elementor-spacer>.elementor-spacer-inner,.e-con>.elementor-widget-spacer>.elementor-widget-container>.elementor-spacer>.elementor-spacer-inner{height:var(--container-widget-height,var(--spacer-size))}<\/style>\t\t<div class=\"elementor-spacer\">\n\t\t\t<div class=\"elementor-spacer-inner\"><\/div>\n\t\t<\/div>\n\t\t\t\t<\/div>\n\t\t\t\t<\/div>\n\t\t\t\t\t<\/div>\n\t\t<\/div>\n\t\t\t\t\t\t\t<\/div>\n\t\t<\/section>\n\t\t\t\t<section class=\"elementor-section elementor-top-section elementor-element elementor-element-53f3df1 elementor-section-boxed elementor-section-height-default elementor-section-height-default\" data-id=\"53f3df1\" data-element_type=\"section\">\n\t\t\t\t\t\t<div class=\"elementor-container elementor-column-gap-default\">\n\t\t\t\t\t<div class=\"elementor-column elementor-col-100 elementor-top-column elementor-element elementor-element-1db268f\" data-id=\"1db268f\" data-element_type=\"column\">\n\t\t\t<div class=\"elementor-widget-wrap elementor-element-populated\">\n\t\t\t\t\t\t\t\t<div class=\"elementor-element elementor-element-8605309 elementor-widget elementor-widget-heading\" data-id=\"8605309\" data-element_type=\"widget\" data-widget_type=\"heading.default\">\n\t\t\t\t<div class=\"elementor-widget-container\">\n\t\t\t<style>\/*! elementor - v3.11.5 - 14-03-2023 *\/\n.elementor-heading-title{padding:0;margin:0;line-height:1}.elementor-widget-heading .elementor-heading-title[class*=elementor-size-]>a{color:inherit;font-size:inherit;line-height:inherit}.elementor-widget-heading .elementor-heading-title.elementor-size-small{font-size:15px}.elementor-widget-heading .elementor-heading-title.elementor-size-medium{font-size:19px}.elementor-widget-heading .elementor-heading-title.elementor-size-large{font-size:29px}.elementor-widget-heading .elementor-heading-title.elementor-size-xl{font-size:39px}.elementor-widget-heading .elementor-heading-title.elementor-size-xxl{font-size:59px}<\/style><h4 class=\"elementor-heading-title elementor-size-default\">Sachverst\u00e4ndigent\u00e4tigkeiten<\/h4>\t\t<\/div>\n\t\t\t\t<\/div>\n\t\t\t\t\t<\/div>\n\t\t<\/div>\n\t\t\t\t\t\t\t<\/div>\n\t\t<\/section>\n\t\t\t\t<section class=\"elementor-section elementor-top-section elementor-element elementor-element-ba38868 elementor-section-boxed elementor-section-height-default elementor-section-height-default\" data-id=\"ba38868\" data-element_type=\"section\">\n\t\t\t\t\t\t<div class=\"elementor-container elementor-column-gap-default\">\n\t\t\t\t\t<div class=\"elementor-column elementor-col-100 elementor-top-column elementor-element elementor-element-cc231f2\" data-id=\"cc231f2\" data-element_type=\"column\">\n\t\t\t<div class=\"elementor-widget-wrap elementor-element-populated\">\n\t\t\t\t\t\t\t\t<div class=\"elementor-element elementor-element-3c4df73 elementor-widget elementor-widget-spacer\" data-id=\"3c4df73\" data-element_type=\"widget\" data-widget_type=\"spacer.default\">\n\t\t\t\t<div class=\"elementor-widget-container\">\n\t\t\t\t\t<div class=\"elementor-spacer\">\n\t\t\t<div class=\"elementor-spacer-inner\"><\/div>\n\t\t<\/div>\n\t\t\t\t<\/div>\n\t\t\t\t<\/div>\n\t\t\t\t\t<\/div>\n\t\t<\/div>\n\t\t\t\t\t\t\t<\/div>\n\t\t<\/section>\n\t\t\t\t<section class=\"elementor-section elementor-top-section elementor-element elementor-element-61a5175 elementor-section-boxed elementor-section-height-default elementor-section-height-default\" data-id=\"61a5175\" data-element_type=\"section\">\n\t\t\t\t\t\t<div class=\"elementor-container elementor-column-gap-default\">\n\t\t\t\t\t<div class=\"elementor-column elementor-col-100 elementor-top-column elementor-element elementor-element-21d714b\" data-id=\"21d714b\" data-element_type=\"column\">\n\t\t\t<div class=\"elementor-widget-wrap elementor-element-populated\">\n\t\t\t\t\t\t\t\t<div class=\"elementor-element elementor-element-ec82465 elementor-widget elementor-widget-text-editor\" data-id=\"ec82465\" data-element_type=\"widget\" data-widget_type=\"text-editor.default\">\n\t\t\t\t<div class=\"elementor-widget-container\">\n\t\t\t<style>\/*! elementor - v3.11.5 - 14-03-2023 *\/\n.elementor-widget-text-editor.elementor-drop-cap-view-stacked .elementor-drop-cap{background-color:#818a91;color:#fff}.elementor-widget-text-editor.elementor-drop-cap-view-framed .elementor-drop-cap{color:#818a91;border:3px solid;background-color:transparent}.elementor-widget-text-editor:not(.elementor-drop-cap-view-default) .elementor-drop-cap{margin-top:8px}.elementor-widget-text-editor:not(.elementor-drop-cap-view-default) .elementor-drop-cap-letter{width:1em;height:1em}.elementor-widget-text-editor .elementor-drop-cap{float:left;text-align:center;line-height:1;font-size:50px}.elementor-widget-text-editor .elementor-drop-cap-letter{display:inline-block}<\/style>\t\t\t\t<p><strong>Sie m\u00f6chten eine Immobilie ankaufen?<\/strong><\/p><p>F\u00fcr Ihre Rechtssicherheit bieten wir baurechtliche und bautechnische \u00dcberpr\u00fcfungen der Bestandsimmobilie an und beraten Sie betreffend m\u00f6gliche Sanierungen sowie Zu- und Umbauten.<\/p><p><strong>\u00a0<\/strong><strong>Sie m\u00f6chten Ihre Immobilie verkaufen?<\/strong><\/p><p>Auch f\u00fcr den Verkauf Ihrer Liegenschaft bieten wir f\u00fcr eine rechtssichere Verwertung eine baurechtliche und bautechnische \u00dcberpr\u00fcfung der Bestandsimmobilie an. Den Wert Ihrer Immobilie bemessen wir mittels Verkehrswertgutachten gem\u00e4\u00df den Bestimmungen des Liegenschaftsbewertungsgesetz \u2013 LBG.<\/p><p><strong>Sie planen einen Um- oder Zubau oder Ihr Nachbar baut an der Grundst\u00fccksgrenze?<\/strong><\/p><p>Zur Sicherstellung Ihrer Rechte und Erfassung des Ist-Standes Ihrer Immobilie (gegenw\u00e4rtiger Zustand der Sache) erstellen wir eine Beweissicherung vor Beginn der Bauarbeiten (Ortsaugenschein, zerst\u00f6rungsfrei).<\/p><p><strong>Sie m\u00f6chten bei Ihrem Objekt aus einem Miteigentum einzelne Wohnungseigentumsobjekte schaffen?<\/strong><\/p><p>Mit einem Nutzwertgutachten werden die einzelnen Nutzwerte Ihrer Liegenschaft berechnet und in einem Gutachten festgestellt.Als nichtamtlicher Bausachverst\u00e4ndige ist unser Gesch\u00e4ftsf\u00fchrer Bmstr. Dipl.-Ing.(FH) Robert POSCH, EUR ING. in mehreren <strong>Gemeinden in Nieder\u00f6sterreich<\/strong> t\u00e4tig.<\/p>\t\t\t\t\t\t<\/div>\n\t\t\t\t<\/div>\n\t\t\t\t\t<\/div>\n\t\t<\/div>\n\t\t\t\t\t\t\t<\/div>\n\t\t<\/section>\n\t\t\t\t<section class=\"elementor-section elementor-top-section elementor-element elementor-element-29dcd9a elementor-section-boxed elementor-section-height-default elementor-section-height-default\" data-id=\"29dcd9a\" data-element_type=\"section\">\n\t\t\t\t\t\t<div class=\"elementor-container elementor-column-gap-default\">\n\t\t\t\t\t<div class=\"elementor-column elementor-col-100 elementor-top-column elementor-element elementor-element-dfb5e86\" data-id=\"dfb5e86\" data-element_type=\"column\">\n\t\t\t<div class=\"elementor-widget-wrap elementor-element-populated\">\n\t\t\t\t\t\t\t\t<div class=\"elementor-element elementor-element-df392a0 elementor-widget elementor-widget-spacer\" data-id=\"df392a0\" data-element_type=\"widget\" data-widget_type=\"spacer.default\">\n\t\t\t\t<div class=\"elementor-widget-container\">\n\t\t\t\t\t<div class=\"elementor-spacer\">\n\t\t\t<div class=\"elementor-spacer-inner\"><\/div>\n\t\t<\/div>\n\t\t\t\t<\/div>\n\t\t\t\t<\/div>\n\t\t\t\t\t<\/div>\n\t\t<\/div>\n\t\t\t\t\t\t\t<\/div>\n\t\t<\/section>\n\t\t\t\t\t\t\t<\/div>\n\t\t","protected":false},"excerpt":{"rendered":"<p>Sachverst\u00e4ndigent\u00e4tigkeiten Sie m\u00f6chten eine Immobilie ankaufen? F\u00fcr Ihre Rechtssicherheit bieten wir baurechtliche und bautechnische \u00dcberpr\u00fcfungen der Bestandsimmobilie an und beraten Sie betreffend m\u00f6gliche Sanierungen sowie Zu- und Umbauten. \u00a0Sie m\u00f6chten Ihre Immobilie verkaufen? Auch f\u00fcr den Verkauf Ihrer Liegenschaft bieten wir f\u00fcr eine rechtssichere Verwertung eine baurechtliche und bautechnische \u00dcberpr\u00fcfung der Bestandsimmobilie an. Den Wert &hellip;<\/p>\n<p class=\"read-more\"> <a class=\"\" href=\"https:\/\/wp2.sholzer2022.hla-moedling.schulwebspace.at\/?page_id=562\"> <span class=\"screen-reader-text\">Leistung 6 &#8211; Sachverst\u00e4ndigent\u00e4tigkeiten<\/span> Weiterlesen &raquo;<\/a><\/p>\n","protected":false},"author":1,"featured_media":0,"parent":0,"menu_order":0,"comment_status":"closed","ping_status":"closed","template":"","meta":{"site-sidebar-layout":"no-sidebar","site-content-layout":"page-builder","ast-global-header-display":"","ast-main-header-display":"","ast-hfb-above-header-display":"","ast-hfb-below-header-display":"","ast-hfb-mobile-header-display":"","site-post-title":"disabled","ast-breadcrumbs-content":"","ast-featured-img":"disabled","footer-sml-layout":"","theme-transparent-header-meta":"","adv-header-id-meta":"","stick-header-meta":"","header-above-stick-meta":"","header-main-stick-meta":"","header-below-stick-meta":"","footnotes":""},"class_list":["post-562","page","type-page","status-publish","hentry"],"_links":{"self":[{"href":"https:\/\/wp2.sholzer2022.hla-moedling.schulwebspace.at\/index.php?rest_route=\/wp\/v2\/pages\/562","targetHints":{"allow":["GET"]}}],"collection":[{"href":"https:\/\/wp2.sholzer2022.hla-moedling.schulwebspace.at\/index.php?rest_route=\/wp\/v2\/pages"}],"about":[{"href":"https:\/\/wp2.sholzer2022.hla-moedling.schulwebspace.at\/index.php?rest_route=\/wp\/v2\/types\/page"}],"author":[{"embeddable":true,"href":"https:\/\/wp2.sholzer2022.hla-moedling.schulwebspace.at\/index.php?rest_route=\/wp\/v2\/users\/1"}],"replies":[{"embeddable":true,"href":"https:\/\/wp2.sholzer2022.hla-moedling.schulwebspace.at\/index.php?rest_route=%2Fwp%2Fv2%2Fcomments&post=562"}],"version-history":[{"count":14,"href":"https:\/\/wp2.sholzer2022.hla-moedling.schulwebspace.at\/index.php?rest_route=\/wp\/v2\/pages\/562\/revisions"}],"predecessor-version":[{"id":1994,"href":"https:\/\/wp2.sholzer2022.hla-moedling.schulwebspace.at\/index.php?rest_route=\/wp\/v2\/pages\/562\/revisions\/1994"}],"wp:attachment":[{"href":"https:\/\/wp2.sholzer2022.hla-moedling.schulwebspace.at\/index.php?rest_route=%2Fwp%2Fv2%2Fmedia&parent=562"}],"curies":[{"name":"wp","href":"https:\/\/api.w.org\/{rel}","templated":true}]}}