{"id":560,"date":"2023-04-28T08:17:19","date_gmt":"2023-04-28T06:17:19","guid":{"rendered":"https:\/\/wp2.sholzer2022.hla-moedling.schulwebspace.at\/?page_id=560"},"modified":"2023-06-15T00:10:44","modified_gmt":"2023-06-14T22:10:44","slug":"leistung-5","status":"publish","type":"page","link":"https:\/\/wp2.sholzer2022.hla-moedling.schulwebspace.at\/?page_id=560","title":{"rendered":"Leistung 5 &#8211; Thermische Sanierung, Modernisierung, Bauphysik"},"content":{"rendered":"\t\t<div data-elementor-type=\"wp-page\" data-elementor-id=\"560\" class=\"elementor elementor-560\">\n\t\t\t\t\t\t\t\t\t<section class=\"elementor-section elementor-top-section elementor-element elementor-element-1602f63 elementor-section-boxed elementor-section-height-default elementor-section-height-default\" data-id=\"1602f63\" data-element_type=\"section\">\n\t\t\t\t\t\t<div class=\"elementor-container elementor-column-gap-default\">\n\t\t\t\t\t<div class=\"elementor-column elementor-col-100 elementor-top-column elementor-element elementor-element-7f6dc5b\" data-id=\"7f6dc5b\" data-element_type=\"column\">\n\t\t\t<div class=\"elementor-widget-wrap elementor-element-populated\">\n\t\t\t\t\t\t\t\t<div class=\"elementor-element elementor-element-7ec7740 elementor-widget elementor-widget-spacer\" data-id=\"7ec7740\" data-element_type=\"widget\" data-widget_type=\"spacer.default\">\n\t\t\t\t<div class=\"elementor-widget-container\">\n\t\t\t<style>\/*! elementor - v3.11.5 - 14-03-2023 *\/\n.elementor-column .elementor-spacer-inner{height:var(--spacer-size)}.e-con{--container-widget-width:100%}.e-con-inner>.elementor-widget-spacer,.e-con>.elementor-widget-spacer{width:var(--container-widget-width,var(--spacer-size));--align-self:var(--container-widget-align-self,initial);--flex-shrink:0}.e-con-inner>.elementor-widget-spacer>.elementor-widget-container,.e-con-inner>.elementor-widget-spacer>.elementor-widget-container>.elementor-spacer,.e-con>.elementor-widget-spacer>.elementor-widget-container,.e-con>.elementor-widget-spacer>.elementor-widget-container>.elementor-spacer{height:100%}.e-con-inner>.elementor-widget-spacer>.elementor-widget-container>.elementor-spacer>.elementor-spacer-inner,.e-con>.elementor-widget-spacer>.elementor-widget-container>.elementor-spacer>.elementor-spacer-inner{height:var(--container-widget-height,var(--spacer-size))}<\/style>\t\t<div class=\"elementor-spacer\">\n\t\t\t<div class=\"elementor-spacer-inner\"><\/div>\n\t\t<\/div>\n\t\t\t\t<\/div>\n\t\t\t\t<\/div>\n\t\t\t\t\t<\/div>\n\t\t<\/div>\n\t\t\t\t\t\t\t<\/div>\n\t\t<\/section>\n\t\t\t\t<section class=\"elementor-section elementor-top-section elementor-element elementor-element-0435d6c elementor-section-boxed elementor-section-height-default elementor-section-height-default\" data-id=\"0435d6c\" data-element_type=\"section\">\n\t\t\t\t\t\t<div class=\"elementor-container elementor-column-gap-default\">\n\t\t\t\t\t<div class=\"elementor-column elementor-col-100 elementor-top-column elementor-element elementor-element-5e44584\" data-id=\"5e44584\" data-element_type=\"column\">\n\t\t\t<div class=\"elementor-widget-wrap elementor-element-populated\">\n\t\t\t\t\t\t\t\t<div class=\"elementor-element elementor-element-d087708 elementor-widget elementor-widget-heading\" data-id=\"d087708\" data-element_type=\"widget\" data-widget_type=\"heading.default\">\n\t\t\t\t<div class=\"elementor-widget-container\">\n\t\t\t<style>\/*! elementor - v3.11.5 - 14-03-2023 *\/\n.elementor-heading-title{padding:0;margin:0;line-height:1}.elementor-widget-heading .elementor-heading-title[class*=elementor-size-]>a{color:inherit;font-size:inherit;line-height:inherit}.elementor-widget-heading .elementor-heading-title.elementor-size-small{font-size:15px}.elementor-widget-heading .elementor-heading-title.elementor-size-medium{font-size:19px}.elementor-widget-heading .elementor-heading-title.elementor-size-large{font-size:29px}.elementor-widget-heading .elementor-heading-title.elementor-size-xl{font-size:39px}.elementor-widget-heading .elementor-heading-title.elementor-size-xxl{font-size:59px}<\/style><h4 class=\"elementor-heading-title elementor-size-default\">Thermische Sanierung, Modernisierung, Bauphysik<\/h4>\t\t<\/div>\n\t\t\t\t<\/div>\n\t\t\t\t\t<\/div>\n\t\t<\/div>\n\t\t\t\t\t\t\t<\/div>\n\t\t<\/section>\n\t\t\t\t<section class=\"elementor-section elementor-top-section elementor-element elementor-element-05b0d23 elementor-section-boxed elementor-section-height-default elementor-section-height-default\" data-id=\"05b0d23\" data-element_type=\"section\">\n\t\t\t\t\t\t<div class=\"elementor-container elementor-column-gap-default\">\n\t\t\t\t\t<div class=\"elementor-column elementor-col-100 elementor-top-column elementor-element elementor-element-ffb2df1\" data-id=\"ffb2df1\" data-element_type=\"column\">\n\t\t\t<div class=\"elementor-widget-wrap elementor-element-populated\">\n\t\t\t\t\t\t\t\t<div class=\"elementor-element elementor-element-873b8ec elementor-widget elementor-widget-spacer\" data-id=\"873b8ec\" data-element_type=\"widget\" data-widget_type=\"spacer.default\">\n\t\t\t\t<div class=\"elementor-widget-container\">\n\t\t\t\t\t<div class=\"elementor-spacer\">\n\t\t\t<div class=\"elementor-spacer-inner\"><\/div>\n\t\t<\/div>\n\t\t\t\t<\/div>\n\t\t\t\t<\/div>\n\t\t\t\t\t<\/div>\n\t\t<\/div>\n\t\t\t\t\t\t\t<\/div>\n\t\t<\/section>\n\t\t\t\t<section class=\"elementor-section elementor-top-section elementor-element elementor-element-a0d5cb9 elementor-section-boxed elementor-section-height-default elementor-section-height-default\" data-id=\"a0d5cb9\" data-element_type=\"section\">\n\t\t\t\t\t\t<div class=\"elementor-container elementor-column-gap-default\">\n\t\t\t\t\t<div class=\"elementor-column elementor-col-100 elementor-top-column elementor-element elementor-element-92a618e\" data-id=\"92a618e\" data-element_type=\"column\">\n\t\t\t<div class=\"elementor-widget-wrap elementor-element-populated\">\n\t\t\t\t\t\t\t\t<div class=\"elementor-element elementor-element-55de1fe elementor-widget elementor-widget-text-editor\" data-id=\"55de1fe\" data-element_type=\"widget\" data-widget_type=\"text-editor.default\">\n\t\t\t\t<div class=\"elementor-widget-container\">\n\t\t\t<style>\/*! elementor - v3.11.5 - 14-03-2023 *\/\n.elementor-widget-text-editor.elementor-drop-cap-view-stacked .elementor-drop-cap{background-color:#818a91;color:#fff}.elementor-widget-text-editor.elementor-drop-cap-view-framed .elementor-drop-cap{color:#818a91;border:3px solid;background-color:transparent}.elementor-widget-text-editor:not(.elementor-drop-cap-view-default) .elementor-drop-cap{margin-top:8px}.elementor-widget-text-editor:not(.elementor-drop-cap-view-default) .elementor-drop-cap-letter{width:1em;height:1em}.elementor-widget-text-editor .elementor-drop-cap{float:left;text-align:center;line-height:1;font-size:50px}.elementor-widget-text-editor .elementor-drop-cap-letter{display:inline-block}<\/style>\t\t\t\t<p>Bei der thermischen Sanierung und Modernisierung Ihres Objektes wird der Energieverbrauch verringert und damit Energiekosten eingespart. Eine Reduktion des Energieverbrauchs kann unter anderem durch folgende beispielhafte Ma\u00dfnahmen erreicht werden:\u00a0<\/p><ul><li>Verbesserung der W\u00e4rmed\u00e4mmung der Geb\u00e4udeh\u00fclle (z.B. Au\u00dfenw\u00e4nde, oberste Geschossdecke, Kellerdecke)<\/li><li>Sanierung oder Austausch von Fenstern und Au\u00dfent\u00fcren<\/li><li>Modernisierung des Heizungssystems<\/li><\/ul><p>Die thermische Sanierung von Geb\u00e4uden ist eine Investition, die sich gerad in Zeiten der steigenden Energiekosten bezahlt macht. Besonders wichtig f\u00fcr unsere Kunden bei Sanierung bzw. Modernisierung von Geb\u00e4uden ist die Steigerung der Wohnqualit\u00e4t und die Werterhaltung bzw. Wertsteigerung Ihrer Immobilie!<\/p><p>Gerne beraten wir Sie bei der Sanierung Ihres Bestandsgeb\u00e4udes!<\/p>\t\t\t\t\t\t<\/div>\n\t\t\t\t<\/div>\n\t\t\t\t\t<\/div>\n\t\t<\/div>\n\t\t\t\t\t\t\t<\/div>\n\t\t<\/section>\n\t\t\t\t<section class=\"elementor-section elementor-top-section elementor-element elementor-element-ca25ad8 elementor-section-boxed elementor-section-height-default elementor-section-height-default\" data-id=\"ca25ad8\" data-element_type=\"section\">\n\t\t\t\t\t\t<div class=\"elementor-container elementor-column-gap-default\">\n\t\t\t\t\t<div class=\"elementor-column elementor-col-100 elementor-top-column elementor-element elementor-element-132012d\" data-id=\"132012d\" data-element_type=\"column\">\n\t\t\t<div class=\"elementor-widget-wrap elementor-element-populated\">\n\t\t\t\t\t\t\t\t<div class=\"elementor-element elementor-element-f094185 elementor-widget elementor-widget-spacer\" data-id=\"f094185\" data-element_type=\"widget\" data-widget_type=\"spacer.default\">\n\t\t\t\t<div class=\"elementor-widget-container\">\n\t\t\t\t\t<div class=\"elementor-spacer\">\n\t\t\t<div class=\"elementor-spacer-inner\"><\/div>\n\t\t<\/div>\n\t\t\t\t<\/div>\n\t\t\t\t<\/div>\n\t\t\t\t\t<\/div>\n\t\t<\/div>\n\t\t\t\t\t\t\t<\/div>\n\t\t<\/section>\n\t\t\t\t\t\t\t<\/div>\n\t\t","protected":false},"excerpt":{"rendered":"<p>Thermische Sanierung, Modernisierung, Bauphysik Bei der thermischen Sanierung und Modernisierung Ihres Objektes wird der Energieverbrauch verringert und damit Energiekosten eingespart. Eine Reduktion des Energieverbrauchs kann unter anderem durch folgende beispielhafte Ma\u00dfnahmen erreicht werden:\u00a0 Verbesserung der W\u00e4rmed\u00e4mmung der Geb\u00e4udeh\u00fclle (z.B. Au\u00dfenw\u00e4nde, oberste Geschossdecke, Kellerdecke) Sanierung oder Austausch von Fenstern und Au\u00dfent\u00fcren Modernisierung des Heizungssystems Die thermische &hellip;<\/p>\n<p class=\"read-more\"> <a class=\"\" href=\"https:\/\/wp2.sholzer2022.hla-moedling.schulwebspace.at\/?page_id=560\"> <span class=\"screen-reader-text\">Leistung 5 &#8211; Thermische Sanierung, Modernisierung, Bauphysik<\/span> Weiterlesen &raquo;<\/a><\/p>\n","protected":false},"author":1,"featured_media":0,"parent":0,"menu_order":0,"comment_status":"closed","ping_status":"closed","template":"","meta":{"site-sidebar-layout":"no-sidebar","site-content-layout":"page-builder","ast-global-header-display":"","ast-main-header-display":"","ast-hfb-above-header-display":"","ast-hfb-below-header-display":"","ast-hfb-mobile-header-display":"","site-post-title":"disabled","ast-breadcrumbs-content":"","ast-featured-img":"disabled","footer-sml-layout":"","theme-transparent-header-meta":"","adv-header-id-meta":"","stick-header-meta":"","header-above-stick-meta":"","header-main-stick-meta":"","header-below-stick-meta":"","footnotes":""},"class_list":["post-560","page","type-page","status-publish","hentry"],"_links":{"self":[{"href":"https:\/\/wp2.sholzer2022.hla-moedling.schulwebspace.at\/index.php?rest_route=\/wp\/v2\/pages\/560","targetHints":{"allow":["GET"]}}],"collection":[{"href":"https:\/\/wp2.sholzer2022.hla-moedling.schulwebspace.at\/index.php?rest_route=\/wp\/v2\/pages"}],"about":[{"href":"https:\/\/wp2.sholzer2022.hla-moedling.schulwebspace.at\/index.php?rest_route=\/wp\/v2\/types\/page"}],"author":[{"embeddable":true,"href":"https:\/\/wp2.sholzer2022.hla-moedling.schulwebspace.at\/index.php?rest_route=\/wp\/v2\/users\/1"}],"replies":[{"embeddable":true,"href":"https:\/\/wp2.sholzer2022.hla-moedling.schulwebspace.at\/index.php?rest_route=%2Fwp%2Fv2%2Fcomments&post=560"}],"version-history":[{"count":17,"href":"https:\/\/wp2.sholzer2022.hla-moedling.schulwebspace.at\/index.php?rest_route=\/wp\/v2\/pages\/560\/revisions"}],"predecessor-version":[{"id":1985,"href":"https:\/\/wp2.sholzer2022.hla-moedling.schulwebspace.at\/index.php?rest_route=\/wp\/v2\/pages\/560\/revisions\/1985"}],"wp:attachment":[{"href":"https:\/\/wp2.sholzer2022.hla-moedling.schulwebspace.at\/index.php?rest_route=%2Fwp%2Fv2%2Fmedia&parent=560"}],"curies":[{"name":"wp","href":"https:\/\/api.w.org\/{rel}","templated":true}]}}