{"id":558,"date":"2023-04-28T08:16:41","date_gmt":"2023-04-28T06:16:41","guid":{"rendered":"https:\/\/wp2.sholzer2022.hla-moedling.schulwebspace.at\/?page_id=558"},"modified":"2023-06-15T00:06:45","modified_gmt":"2023-06-14T22:06:45","slug":"leistung-3","status":"publish","type":"page","link":"https:\/\/wp2.sholzer2022.hla-moedling.schulwebspace.at\/?page_id=558","title":{"rendered":"Leistung 3 &#8211; Bauleitung &#038; \u00d6rtliche Bauaufsicht"},"content":{"rendered":"\t\t<div data-elementor-type=\"wp-page\" data-elementor-id=\"558\" class=\"elementor elementor-558\">\n\t\t\t\t\t\t\t\t\t<section class=\"elementor-section elementor-top-section elementor-element elementor-element-0cc34b2 elementor-section-boxed elementor-section-height-default elementor-section-height-default\" data-id=\"0cc34b2\" data-element_type=\"section\">\n\t\t\t\t\t\t<div class=\"elementor-container elementor-column-gap-default\">\n\t\t\t\t\t<div class=\"elementor-column elementor-col-100 elementor-top-column elementor-element elementor-element-0be9689\" data-id=\"0be9689\" data-element_type=\"column\">\n\t\t\t<div class=\"elementor-widget-wrap elementor-element-populated\">\n\t\t\t\t\t\t\t\t<div class=\"elementor-element elementor-element-88bfefa elementor-widget elementor-widget-spacer\" data-id=\"88bfefa\" data-element_type=\"widget\" data-widget_type=\"spacer.default\">\n\t\t\t\t<div class=\"elementor-widget-container\">\n\t\t\t<style>\/*! elementor - v3.11.5 - 14-03-2023 *\/\n.elementor-column .elementor-spacer-inner{height:var(--spacer-size)}.e-con{--container-widget-width:100%}.e-con-inner>.elementor-widget-spacer,.e-con>.elementor-widget-spacer{width:var(--container-widget-width,var(--spacer-size));--align-self:var(--container-widget-align-self,initial);--flex-shrink:0}.e-con-inner>.elementor-widget-spacer>.elementor-widget-container,.e-con-inner>.elementor-widget-spacer>.elementor-widget-container>.elementor-spacer,.e-con>.elementor-widget-spacer>.elementor-widget-container,.e-con>.elementor-widget-spacer>.elementor-widget-container>.elementor-spacer{height:100%}.e-con-inner>.elementor-widget-spacer>.elementor-widget-container>.elementor-spacer>.elementor-spacer-inner,.e-con>.elementor-widget-spacer>.elementor-widget-container>.elementor-spacer>.elementor-spacer-inner{height:var(--container-widget-height,var(--spacer-size))}<\/style>\t\t<div class=\"elementor-spacer\">\n\t\t\t<div class=\"elementor-spacer-inner\"><\/div>\n\t\t<\/div>\n\t\t\t\t<\/div>\n\t\t\t\t<\/div>\n\t\t\t\t\t<\/div>\n\t\t<\/div>\n\t\t\t\t\t\t\t<\/div>\n\t\t<\/section>\n\t\t\t\t<section class=\"elementor-section elementor-top-section elementor-element elementor-element-e1e4bca elementor-section-boxed elementor-section-height-default elementor-section-height-default\" data-id=\"e1e4bca\" data-element_type=\"section\">\n\t\t\t\t\t\t<div class=\"elementor-container elementor-column-gap-default\">\n\t\t\t\t\t<div class=\"elementor-column elementor-col-100 elementor-top-column elementor-element elementor-element-eb6a950\" data-id=\"eb6a950\" data-element_type=\"column\">\n\t\t\t<div class=\"elementor-widget-wrap elementor-element-populated\">\n\t\t\t\t\t\t\t\t<div class=\"elementor-element elementor-element-0329af8 elementor-widget elementor-widget-heading\" data-id=\"0329af8\" data-element_type=\"widget\" data-widget_type=\"heading.default\">\n\t\t\t\t<div class=\"elementor-widget-container\">\n\t\t\t<style>\/*! elementor - v3.11.5 - 14-03-2023 *\/\n.elementor-heading-title{padding:0;margin:0;line-height:1}.elementor-widget-heading .elementor-heading-title[class*=elementor-size-]>a{color:inherit;font-size:inherit;line-height:inherit}.elementor-widget-heading .elementor-heading-title.elementor-size-small{font-size:15px}.elementor-widget-heading .elementor-heading-title.elementor-size-medium{font-size:19px}.elementor-widget-heading .elementor-heading-title.elementor-size-large{font-size:29px}.elementor-widget-heading .elementor-heading-title.elementor-size-xl{font-size:39px}.elementor-widget-heading .elementor-heading-title.elementor-size-xxl{font-size:59px}<\/style><h4 class=\"elementor-heading-title elementor-size-default\">Bauleitung & \u00d6rtliche Bauaufsicht<\/h4>\t\t<\/div>\n\t\t\t\t<\/div>\n\t\t\t\t\t<\/div>\n\t\t<\/div>\n\t\t\t\t\t\t\t<\/div>\n\t\t<\/section>\n\t\t\t\t<section class=\"elementor-section elementor-top-section elementor-element elementor-element-1215e56 elementor-section-boxed elementor-section-height-default elementor-section-height-default\" data-id=\"1215e56\" data-element_type=\"section\">\n\t\t\t\t\t\t<div class=\"elementor-container elementor-column-gap-default\">\n\t\t\t\t\t<div class=\"elementor-column elementor-col-100 elementor-top-column elementor-element elementor-element-72a8016\" data-id=\"72a8016\" data-element_type=\"column\">\n\t\t\t<div class=\"elementor-widget-wrap elementor-element-populated\">\n\t\t\t\t\t\t\t\t<div class=\"elementor-element elementor-element-b7e84ec elementor-widget elementor-widget-spacer\" data-id=\"b7e84ec\" data-element_type=\"widget\" data-widget_type=\"spacer.default\">\n\t\t\t\t<div class=\"elementor-widget-container\">\n\t\t\t\t\t<div class=\"elementor-spacer\">\n\t\t\t<div class=\"elementor-spacer-inner\"><\/div>\n\t\t<\/div>\n\t\t\t\t<\/div>\n\t\t\t\t<\/div>\n\t\t\t\t\t<\/div>\n\t\t<\/div>\n\t\t\t\t\t\t\t<\/div>\n\t\t<\/section>\n\t\t\t\t<section class=\"elementor-section elementor-top-section elementor-element elementor-element-5c9e12f elementor-section-boxed elementor-section-height-default elementor-section-height-default\" data-id=\"5c9e12f\" data-element_type=\"section\">\n\t\t\t\t\t\t<div class=\"elementor-container elementor-column-gap-default\">\n\t\t\t\t\t<div class=\"elementor-column elementor-col-100 elementor-top-column elementor-element elementor-element-c98bd32\" data-id=\"c98bd32\" data-element_type=\"column\">\n\t\t\t<div class=\"elementor-widget-wrap elementor-element-populated\">\n\t\t\t\t\t\t\t\t<div class=\"elementor-element elementor-element-7c4d208 elementor-widget elementor-widget-text-editor\" data-id=\"7c4d208\" data-element_type=\"widget\" data-widget_type=\"text-editor.default\">\n\t\t\t\t<div class=\"elementor-widget-container\">\n\t\t\t<style>\/*! elementor - v3.11.5 - 14-03-2023 *\/\n.elementor-widget-text-editor.elementor-drop-cap-view-stacked .elementor-drop-cap{background-color:#818a91;color:#fff}.elementor-widget-text-editor.elementor-drop-cap-view-framed .elementor-drop-cap{color:#818a91;border:3px solid;background-color:transparent}.elementor-widget-text-editor:not(.elementor-drop-cap-view-default) .elementor-drop-cap{margin-top:8px}.elementor-widget-text-editor:not(.elementor-drop-cap-view-default) .elementor-drop-cap-letter{width:1em;height:1em}.elementor-widget-text-editor .elementor-drop-cap{float:left;text-align:center;line-height:1;font-size:50px}.elementor-widget-text-editor .elementor-drop-cap-letter{display:inline-block}<\/style>\t\t\t\t<p>Unsere Bauleitung bzw. \u00f6rtliche Bauaufsicht sorgt f\u00fcr die termin- und kostengerechte Ausf\u00fchrung des Projektes und koordiniert s\u00e4mtliche Leistungen vor Ort. Das gibt Ihnen die Garantie f\u00fcr eine ordnungsgem\u00e4\u00dfe Umsetzung Ihrer Vorgaben und Interessen am Bau. \u00a0<\/p><p>Wir vertreten Sie und Ihre Interessen auf der Baustelle:<\/p><ul><li>\u00dcberwachung der Einhaltung des Zeitplans<\/li><li>\u00d6rtliche \u00dcberwachung der Herstellung des Bauwerks<\/li><li>\u00dcberwachung auf \u00dcbereinstimmung mit den Pl\u00e4nen, Leistungsverzeichnissen und Vertr\u00e4gen<\/li><li>Direkte Verhandlungst\u00e4tigkeiten mit den ausf\u00fchrenden Unternehmen<\/li><li>\u00d6rtliche Koordination der Lieferungen und Leistungen<\/li><li>Kontrolle der f\u00fcr die Abrechnung erforderlichen Aufmessungen<\/li><li>Pr\u00fcfung der Rechnungen auf Richtigkeit und Vertragsm\u00e4\u00dfigkeit<\/li><li>Abnahme der Bauleistungen<\/li><li>Feststellen von M\u00e4ngeln<\/li><li>\u00dcberwachung der Behebung festgestellter M\u00e4ngel<\/li><li>\u00dcbergabe des Bauwerks an den Bauherrn<\/li><\/ul>\t\t\t\t\t\t<\/div>\n\t\t\t\t<\/div>\n\t\t\t\t\t<\/div>\n\t\t<\/div>\n\t\t\t\t\t\t\t<\/div>\n\t\t<\/section>\n\t\t\t\t<section class=\"elementor-section elementor-top-section elementor-element elementor-element-88cb255 elementor-section-boxed elementor-section-height-default elementor-section-height-default\" data-id=\"88cb255\" data-element_type=\"section\">\n\t\t\t\t\t\t<div class=\"elementor-container elementor-column-gap-default\">\n\t\t\t\t\t<div class=\"elementor-column elementor-col-100 elementor-top-column elementor-element elementor-element-3fb58f2\" data-id=\"3fb58f2\" data-element_type=\"column\">\n\t\t\t<div class=\"elementor-widget-wrap elementor-element-populated\">\n\t\t\t\t\t\t\t\t<div class=\"elementor-element elementor-element-c85b39d elementor-widget elementor-widget-spacer\" data-id=\"c85b39d\" data-element_type=\"widget\" data-widget_type=\"spacer.default\">\n\t\t\t\t<div class=\"elementor-widget-container\">\n\t\t\t\t\t<div class=\"elementor-spacer\">\n\t\t\t<div class=\"elementor-spacer-inner\"><\/div>\n\t\t<\/div>\n\t\t\t\t<\/div>\n\t\t\t\t<\/div>\n\t\t\t\t\t<\/div>\n\t\t<\/div>\n\t\t\t\t\t\t\t<\/div>\n\t\t<\/section>\n\t\t\t\t\t\t\t<\/div>\n\t\t","protected":false},"excerpt":{"rendered":"<p>Bauleitung &#038; \u00d6rtliche Bauaufsicht Unsere Bauleitung bzw. \u00f6rtliche Bauaufsicht sorgt f\u00fcr die termin- und kostengerechte Ausf\u00fchrung des Projektes und koordiniert s\u00e4mtliche Leistungen vor Ort. Das gibt Ihnen die Garantie f\u00fcr eine ordnungsgem\u00e4\u00dfe Umsetzung Ihrer Vorgaben und Interessen am Bau. \u00a0 Wir vertreten Sie und Ihre Interessen auf der Baustelle: \u00dcberwachung der Einhaltung des Zeitplans \u00d6rtliche &hellip;<\/p>\n<p class=\"read-more\"> <a class=\"\" href=\"https:\/\/wp2.sholzer2022.hla-moedling.schulwebspace.at\/?page_id=558\"> <span class=\"screen-reader-text\">Leistung 3 &#8211; Bauleitung &#038; \u00d6rtliche Bauaufsicht<\/span> Weiterlesen &raquo;<\/a><\/p>\n","protected":false},"author":1,"featured_media":0,"parent":0,"menu_order":0,"comment_status":"closed","ping_status":"closed","template":"","meta":{"site-sidebar-layout":"no-sidebar","site-content-layout":"page-builder","ast-global-header-display":"","ast-main-header-display":"","ast-hfb-above-header-display":"","ast-hfb-below-header-display":"","ast-hfb-mobile-header-display":"","site-post-title":"disabled","ast-breadcrumbs-content":"","ast-featured-img":"disabled","footer-sml-layout":"","theme-transparent-header-meta":"","adv-header-id-meta":"","stick-header-meta":"","header-above-stick-meta":"","header-main-stick-meta":"","header-below-stick-meta":"","footnotes":""},"class_list":["post-558","page","type-page","status-publish","hentry"],"_links":{"self":[{"href":"https:\/\/wp2.sholzer2022.hla-moedling.schulwebspace.at\/index.php?rest_route=\/wp\/v2\/pages\/558","targetHints":{"allow":["GET"]}}],"collection":[{"href":"https:\/\/wp2.sholzer2022.hla-moedling.schulwebspace.at\/index.php?rest_route=\/wp\/v2\/pages"}],"about":[{"href":"https:\/\/wp2.sholzer2022.hla-moedling.schulwebspace.at\/index.php?rest_route=\/wp\/v2\/types\/page"}],"author":[{"embeddable":true,"href":"https:\/\/wp2.sholzer2022.hla-moedling.schulwebspace.at\/index.php?rest_route=\/wp\/v2\/users\/1"}],"replies":[{"embeddable":true,"href":"https:\/\/wp2.sholzer2022.hla-moedling.schulwebspace.at\/index.php?rest_route=%2Fwp%2Fv2%2Fcomments&post=558"}],"version-history":[{"count":15,"href":"https:\/\/wp2.sholzer2022.hla-moedling.schulwebspace.at\/index.php?rest_route=\/wp\/v2\/pages\/558\/revisions"}],"predecessor-version":[{"id":1970,"href":"https:\/\/wp2.sholzer2022.hla-moedling.schulwebspace.at\/index.php?rest_route=\/wp\/v2\/pages\/558\/revisions\/1970"}],"wp:attachment":[{"href":"https:\/\/wp2.sholzer2022.hla-moedling.schulwebspace.at\/index.php?rest_route=%2Fwp%2Fv2%2Fmedia&parent=558"}],"curies":[{"name":"wp","href":"https:\/\/api.w.org\/{rel}","templated":true}]}}